{"id":630,"date":"2024-06-12T05:52:48","date_gmt":"2024-06-12T05:52:48","guid":{"rendered":"https:\/\/inochinokotoba.com\/?page_id=630"},"modified":"2024-06-12T05:54:39","modified_gmt":"2024-06-12T05:54:39","slug":"cultoemportugues","status":"publish","type":"page","link":"https:\/\/inochinokotoba.com\/index.php\/cultoemportugues\/","title":{"rendered":"Culto em Portugu\u00eas"},"content":{"rendered":"\n<div class=\"wp-block-cover alignfull has-parallax\"><span aria-hidden=\"true\" class=\"wp-block-cover__background has-background-dim wp-block-cover__gradient-background has-background-gradient has-midnight-gradient-background\"><\/span><div class=\"wp-block-cover__image-background wp-image-70 has-parallax\" style=\"background-position:50% 50%;background-image:url(https:\/\/inochinokotoba.com\/wp-content\/uploads\/2022\/04\/cropped-guto-scaled-1.jpg)\"><\/div><div class=\"wp-block-cover__inner-container has-global-padding is-layout-constrained wp-block-cover-is-layout-constrained\">\n<p class=\"has-text-align-center has-white-color has-text-color has-link-color has-large-font-size wp-elements-59fc085a7f2fe6ce796d74d773d95764\">Culto em Portugu\u00eas<\/p>\n\n\n\n<p class=\"has-text-align-center\">\u30dd\u30eb\u30c8\u30ac\u30eb\u8a9e\u793c\u62dd<\/p>\n<\/div><\/div>\n\n\n\n<div class=\"wp-block-columns is-layout-flex wp-container-core-columns-is-layout-28f84493 wp-block-columns-is-layout-flex\">\n<div class=\"wp-block-column is-layout-flow wp-block-column-is-layout-flow\" style=\"flex-basis:25%\"><\/div>\n\n\n\n<div class=\"wp-block-column is-layout-flow wp-block-column-is-layout-flow\" style=\"flex-basis:50%\">\n<blockquote class=\"wp-block-quote is-layout-flow wp-block-quote-is-layout-flow\">\n<p class=\"has-text-align-center\">Como \u00e9 bom e agrad\u00e1vel viverem unidos os irm\u00e3os!<\/p>\n\n\n\n<p class=\"has-text-align-center\">Salmos 133.1<\/p>\n<\/blockquote>\n\n\n\n<p>Voc\u00ea tem interesse em participar dos nossos cultos totalmente em portugu\u00eas da igreja Verbo da Vida T\u00f3quio?<\/p>\n\n\n\n<p>Ent\u00e3o clica no bot\u00e3o abaixo e preencha nosso formul\u00e1rio que n\u00f3s teremos o maior prazer de entrar em contato com voc\u00ea.<\/p>\n<\/div>\n\n\n\n<div class=\"wp-block-column is-layout-flow wp-block-column-is-layout-flow\" style=\"flex-basis:25%\"><\/div>\n<\/div>\n\n\n\n<div class=\"wp-block-buttons alignwide is-content-justification-center is-layout-flex wp-container-core-buttons-is-layout-a89b3969 wp-block-buttons-is-layout-flex\">\n<div class=\"wp-block-button\"><a class=\"wp-block-button__link has-text-align-center wp-element-button\" href=\"https:\/\/forms.gle\/e71N5oM2bXrEnEiq7\">Culto em portugu\u00eas<\/a><\/div>\n<\/div>\n\n\n\n<div style=\"height:100px\" aria-hidden=\"true\" class=\"wp-block-spacer\"><\/div>\n","protected":false},"excerpt":{"rendered":"<p>Como \u00e9 bom e agrad\u00e1vel viverem unidos os irm\u00e3os! Salmos 133.1 Voc\u00ea tem interesse em participar dos nossos cultos totalmente em portugu\u00eas da igreja Verbo da Vida T\u00f3quio? Ent\u00e3o clica no bot\u00e3o abaixo e preencha nosso formul\u00e1rio que n\u00f3s teremos o maior prazer de entrar em contato com voc\u00ea.<\/p>\n","protected":false},"author":2,"featured_media":0,"parent":0,"menu_order":0,"comment_status":"closed","ping_status":"closed","template":"page-templates\/full-width-transparent.php","meta":{"om_disable_all_campaigns":false,"_monsterinsights_skip_tracking":false,"_monsterinsights_sitenote_active":false,"_monsterinsights_sitenote_note":"","_monsterinsights_sitenote_category":0,"footnotes":""},"class_list":["post-630","page","type-page","status-publish","hentry"],"_links":{"self":[{"href":"https:\/\/inochinokotoba.com\/index.php\/wp-json\/wp\/v2\/pages\/630","targetHints":{"allow":["GET"]}}],"collection":[{"href":"https:\/\/inochinokotoba.com\/index.php\/wp-json\/wp\/v2\/pages"}],"about":[{"href":"https:\/\/inochinokotoba.com\/index.php\/wp-json\/wp\/v2\/types\/page"}],"author":[{"embeddable":true,"href":"https:\/\/inochinokotoba.com\/index.php\/wp-json\/wp\/v2\/users\/2"}],"replies":[{"embeddable":true,"href":"https:\/\/inochinokotoba.com\/index.php\/wp-json\/wp\/v2\/comments?post=630"}],"version-history":[{"count":2,"href":"https:\/\/inochinokotoba.com\/index.php\/wp-json\/wp\/v2\/pages\/630\/revisions"}],"predecessor-version":[{"id":633,"href":"https:\/\/inochinokotoba.com\/index.php\/wp-json\/wp\/v2\/pages\/630\/revisions\/633"}],"wp:attachment":[{"href":"https:\/\/inochinokotoba.com\/index.php\/wp-json\/wp\/v2\/media?parent=630"}],"curies":[{"name":"wp","href":"https:\/\/api.w.org\/{rel}","templated":true}]}}